{"id":8,"date":"2025-04-08T12:16:16","date_gmt":"2025-04-08T10:16:16","guid":{"rendered":"http:\/\/localhost:8088\/?page_id=8"},"modified":"2025-09-29T14:14:23","modified_gmt":"2025-09-29T12:14:23","slug":"miejski-system-zarzadzania","status":"publish","type":"page","link":"https:\/\/emapa.katowice.eu\/mszkiip\/","title":{"rendered":"Strona g\u0142\u00f3wna"},"content":{"rendered":"\n<div class=\"wp-block-uagb-container uagb-block-d7bbcb19 alignfull uagb-is-root-container\">\n<div class=\"wp-block-uagb-container uagb-block-2076a520\">\n<div class=\"wp-block-uagb-container uagb-block-bd9ef86f\">\n<div class=\"wp-block-uagb-container uagb-block-e384721f\">\n<div class=\"wp-block-uagb-image aligncenter uagb-block-822ba52a wp-block-uagb-image--layout-default wp-block-uagb-image--effect-static wp-block-uagb-image--align-center\"><figure class=\"wp-block-uagb-image__figure\"><img decoding=\"async\" srcset=\"https:\/\/emapa.katowice.eu\/mszkiip\/wp-content\/uploads\/2025\/05\/jarc-1.png ,https:\/\/emapa.katowice.eu\/mszkiip\/wp-content\/uploads\/2025\/05\/jarc-1.png 780w, https:\/\/emapa.katowice.eu\/mszkiip\/wp-content\/uploads\/2025\/05\/jarc-1.png 360w\" sizes=\"auto, (max-width: 480px) 150px\" src=\"https:\/\/emapa.katowice.eu\/mszkiip\/wp-content\/uploads\/2025\/05\/jarc-1.png\" alt=\"\" class=\"uag-image-264\" width=\"200\" height=\"200\" title=\"jarc\" loading=\"lazy\" role=\"img\"\/><\/figure><\/div>\n\n\n\n<div class=\"wp-block-uagb-container uagb-block-5ed51004\">\n<p class=\"has-text-align-center\"><strong>Modu\u0142y mapowe<\/strong><\/p>\n\n\n\n<div class=\"wp-block-uagb-buttons uagb-buttons__outer-wrap uagb-btn__default-btn uagb-btn-tablet__default-btn uagb-btn-mobile__default-btn uagb-block-2214f500\"><div class=\"uagb-buttons__wrap uagb-buttons-layout-wrap \">\n<div class=\"wp-block-uagb-buttons-child uagb-buttons__outer-wrap uagb-block-0902acb9 wp-block-button\"><div class=\"uagb-button__wrapper\"><a class=\"uagb-buttons-repeater wp-block-button__link\" aria-label=\"\" href=\"https:\/\/emapa.katowice.eu\/jarc-gui\/\" rel=\"follow noopener\" target=\"_blank\" role=\"button\"><div class=\"uagb-button__link\">Otw\u00f3rz<\/div><\/a><\/div><\/div>\n<\/div><\/div>\n<\/div>\n<\/div>\n\n\n\n<div class=\"wp-block-uagb-container uagb-block-9e69cc7e\">\n<div class=\"wp-block-uagb-image aligncenter uagb-block-e60474af wp-block-uagb-image--layout-default wp-block-uagb-image--effect-static wp-block-uagb-image--align-center\"><figure class=\"wp-block-uagb-image__figure\"><img decoding=\"async\" srcset=\"https:\/\/emapa.katowice.eu\/mszkiip\/wp-content\/uploads\/2025\/05\/GeoOsrodek1.png ,https:\/\/emapa.katowice.eu\/mszkiip\/wp-content\/uploads\/2025\/05\/GeoOsrodek1.png 780w, https:\/\/emapa.katowice.eu\/mszkiip\/wp-content\/uploads\/2025\/05\/GeoOsrodek1.png 360w\" sizes=\"auto, (max-width: 480px) 150px\" src=\"https:\/\/emapa.katowice.eu\/mszkiip\/wp-content\/uploads\/2025\/05\/GeoOsrodek1.png\" alt=\"\" class=\"uag-image-263\" width=\"200\" height=\"200\" title=\"GeoOsrodek1\" loading=\"lazy\" role=\"img\"\/><\/figure><\/div>\n\n\n\n<div class=\"wp-block-uagb-container uagb-block-f8aa91a2\">\n<p class=\"has-text-align-center\"><strong>GeoO\u015brodek<\/strong><\/p>\n\n\n\n<div class=\"wp-block-uagb-buttons uagb-buttons__outer-wrap uagb-btn__default-btn uagb-btn-tablet__default-btn uagb-btn-mobile__default-btn uagb-block-c6cf4463\"><div class=\"uagb-buttons__wrap uagb-buttons-layout-wrap \">\n<div class=\"wp-block-uagb-buttons-child uagb-buttons__outer-wrap uagb-block-32b35a52 wp-block-button\"><div class=\"uagb-button__wrapper\"><a class=\"uagb-buttons-repeater wp-block-button__link\" aria-label=\"\" href=\"https:\/\/emapa.katowice.eu\/geoosrodek\/\" rel=\"follow noopener\" target=\"_blank\" role=\"button\"><div class=\"uagb-button__link\">Otw\u00f3rz<\/div><\/a><\/div><\/div>\n<\/div><\/div>\n<\/div>\n<\/div>\n<\/div>\n\n\n\n<div class=\"wp-block-uagb-container uagb-block-80b2673f\">\n<div class=\"wp-block-uagb-container uagb-block-ba62926b\">\n<div class=\"wp-block-uagb-image aligncenter uagb-block-ac7f858e wp-block-uagb-image--layout-default wp-block-uagb-image--effect-static wp-block-uagb-image--align-center\"><figure class=\"wp-block-uagb-image__figure\"><img decoding=\"async\" srcset=\"https:\/\/emapa.katowice.eu\/mszkiip\/wp-content\/uploads\/2025\/05\/metadane.jpg ,https:\/\/emapa.katowice.eu\/mszkiip\/wp-content\/uploads\/2025\/05\/metadane.jpg 780w, https:\/\/emapa.katowice.eu\/mszkiip\/wp-content\/uploads\/2025\/05\/metadane.jpg 360w\" sizes=\"auto, (max-width: 480px) 150px\" src=\"https:\/\/emapa.katowice.eu\/mszkiip\/wp-content\/uploads\/2025\/05\/metadane.jpg\" alt=\"\" class=\"uag-image-286\" width=\"200\" height=\"200\" title=\"metadane\" loading=\"lazy\" role=\"img\"\/><\/figure><\/div>\n\n\n\n<div class=\"wp-block-uagb-container uagb-block-0f1395b9\">\n<p class=\"has-text-align-center\"><strong>Metadane<\/strong><\/p>\n\n\n\n<div class=\"wp-block-uagb-buttons uagb-buttons__outer-wrap uagb-btn__default-btn uagb-btn-tablet__default-btn uagb-btn-mobile__default-btn uagb-block-57627cd0\"><div class=\"uagb-buttons__wrap uagb-buttons-layout-wrap \">\n<div class=\"wp-block-uagb-buttons-child uagb-buttons__outer-wrap uagb-block-06284777 wp-block-button\"><div class=\"uagb-button__wrapper\"><a class=\"uagb-buttons-repeater wp-block-button__link\" aria-label=\"\" href=\"https:\/\/emapa.katowice.eu\/geonetwork\/srv\/pol\/search\" rel=\"follow noopener\" target=\"_blank\" role=\"button\"><div class=\"uagb-button__link\">Otw\u00f3rz<\/div><\/a><\/div><\/div>\n<\/div><\/div>\n<\/div>\n<\/div>\n\n\n\n<div class=\"wp-block-uagb-container uagb-block-32f5c3f8\">\n<div class=\"wp-block-uagb-image aligncenter uagb-block-4c4595df wp-block-uagb-image--layout-default wp-block-uagb-image--effect-static wp-block-uagb-image--align-center\"><figure class=\"wp-block-uagb-image__figure\"><img decoding=\"async\" srcset=\"https:\/\/emapa.katowice.eu\/mszkiip\/wp-content\/uploads\/2025\/05\/3d.jpg ,https:\/\/emapa.katowice.eu\/mszkiip\/wp-content\/uploads\/2025\/05\/3d.jpg 780w, https:\/\/emapa.katowice.eu\/mszkiip\/wp-content\/uploads\/2025\/05\/3d.jpg 360w\" sizes=\"auto, (max-width: 480px) 150px\" src=\"https:\/\/emapa.katowice.eu\/mszkiip\/wp-content\/uploads\/2025\/05\/3d.jpg\" alt=\"\" class=\"uag-image-288\" width=\"200\" height=\"200\" title=\"3d\" loading=\"lazy\" role=\"img\"\/><\/figure><\/div>\n\n\n\n<div class=\"wp-block-uagb-container uagb-block-0bf24b00\">\n<p class=\"has-text-align-center\"><strong>Katowice 3D<\/strong><\/p>\n\n\n\n<div class=\"wp-block-uagb-buttons uagb-buttons__outer-wrap uagb-btn__default-btn uagb-btn-tablet__default-btn uagb-btn-mobile__default-btn uagb-block-34195fed\"><div class=\"uagb-buttons__wrap uagb-buttons-layout-wrap \">\n<div class=\"wp-block-uagb-buttons-child uagb-buttons__outer-wrap uagb-block-a58262d8 wp-block-button\"><div class=\"uagb-button__wrapper\"><a class=\"uagb-buttons-repeater wp-block-button__link\" aria-label=\"\" href=\"https:\/\/sip.katowice.eu\/\" rel=\"follow noopener\" target=\"_blank\" role=\"button\"><div class=\"uagb-button__link\">Otw\u00f3rz<\/div><\/a><\/div><\/div>\n<\/div><\/div>\n<\/div>\n<\/div>\n<\/div>\n\n\n\n<div class=\"wp-block-uagb-container uagb-block-b8b3fe0d\">\n<div class=\"wp-block-uagb-container uagb-block-0bf66668\">\n<div class=\"wp-block-uagb-image aligncenter uagb-block-7a6ee81b wp-block-uagb-image--layout-default wp-block-uagb-image--effect-static wp-block-uagb-image--align-center\"><figure class=\"wp-block-uagb-image__figure\"><img decoding=\"async\" srcset=\"https:\/\/emapa.katowice.eu\/mszkiip\/wp-content\/uploads\/2025\/06\/po-godzinach.jpg ,https:\/\/emapa.katowice.eu\/mszkiip\/wp-content\/uploads\/2025\/06\/po-godzinach.jpg 780w, https:\/\/emapa.katowice.eu\/mszkiip\/wp-content\/uploads\/2025\/06\/po-godzinach.jpg 360w\" sizes=\"auto, (max-width: 480px) 150px\" src=\"https:\/\/emapa.katowice.eu\/mszkiip\/wp-content\/uploads\/2025\/06\/po-godzinach.jpg\" alt=\"\" class=\"uag-image-351\" width=\"200\" height=\"200\" title=\"po godzinach\" loading=\"lazy\" role=\"img\"\/><\/figure><\/div>\n\n\n\n<div class=\"wp-block-uagb-container uagb-block-67d50211\">\n<p class=\"has-text-align-center\"><strong>Po godzinach<\/strong><\/p>\n\n\n\n<div class=\"wp-block-uagb-buttons uagb-buttons__outer-wrap uagb-btn__default-btn uagb-btn-tablet__default-btn uagb-btn-mobile__default-btn uagb-block-c5a360ac\"><div class=\"uagb-buttons__wrap uagb-buttons-layout-wrap \">\n<div class=\"wp-block-uagb-buttons-child uagb-buttons__outer-wrap uagb-block-ffae516d wp-block-button\"><div class=\"uagb-button__wrapper\"><a class=\"uagb-buttons-repeater wp-block-button__link\" aria-label=\"\" href=\"https:\/\/arcg.is\/0Tnzq90\" rel=\"follow noopener\" target=\"_blank\" role=\"button\"><div class=\"uagb-button__link\">Otw\u00f3rz<\/div><\/a><\/div><\/div>\n<\/div><\/div>\n<\/div>\n<\/div>\n\n\n\n<div class=\"wp-block-uagb-container uagb-block-ad065d55\">\n<div class=\"wp-block-uagb-image aligncenter uagb-block-23d11678 wp-block-uagb-image--layout-default wp-block-uagb-image--effect-static wp-block-uagb-image--align-center\"><figure class=\"wp-block-uagb-image__figure\"><img decoding=\"async\" srcset=\"https:\/\/emapa.katowice.eu\/mszkiip\/wp-content\/uploads\/2025\/07\/mapa-wl.png ,https:\/\/emapa.katowice.eu\/mszkiip\/wp-content\/uploads\/2025\/07\/mapa-wl.png 780w, https:\/\/emapa.katowice.eu\/mszkiip\/wp-content\/uploads\/2025\/07\/mapa-wl.png 360w\" sizes=\"auto, (max-width: 480px) 150px\" src=\"https:\/\/emapa.katowice.eu\/mszkiip\/wp-content\/uploads\/2025\/07\/mapa-wl.png\" alt=\"\" class=\"uag-image-391\" width=\"200\" height=\"200\" title=\"mapa wl\" loading=\"lazy\" role=\"img\"\/><\/figure><\/div>\n\n\n\n<div class=\"wp-block-uagb-container uagb-block-f18fa1cc\">\n<p class=\"has-text-align-center\"><strong>Mapa w\u0142asno\u015bciowa<\/strong><\/p>\n\n\n\n<div class=\"wp-block-uagb-buttons uagb-buttons__outer-wrap uagb-btn__default-btn uagb-btn-tablet__default-btn uagb-btn-mobile__default-btn uagb-block-a7f34d2c\"><div class=\"uagb-buttons__wrap uagb-buttons-layout-wrap \">\n<div class=\"wp-block-uagb-buttons-child uagb-buttons__outer-wrap uagb-block-8108ad99 wp-block-button\"><div class=\"uagb-button__wrapper\"><a class=\"uagb-buttons-repeater wp-block-button__link\" aria-label=\"\" href=\"https:\/\/emapa.katowice.eu\/jarc-gui\/?group=grupa-GI&amp;service=mszkiip-egib_zew&amp;SSOUser=GUEST&amp;w=5667\" rel=\"follow noopener\" target=\"_blank\" role=\"button\"><div class=\"uagb-button__link\">Otw\u00f3rz<\/div><\/a><\/div><\/div>\n<\/div><\/div>\n<\/div>\n<\/div>\n<\/div>\n<\/div>\n\n\n\n<div class=\"wp-block-uagb-container uagb-block-750292f9\">\n<div class=\"wp-block-uagb-container uagb-block-b0fac3bf\">\n<div class=\"wp-block-uagb-container uagb-block-f8635469\">\n<div class=\"wp-block-uagb-container uagb-block-fb168a47\">\n<h2 class=\"wp-block-heading has-text-align-center\" style=\"font-size:18px\">Aktualno\u015bci:<\/h2>\n\n\n\t\t\t<div class = \"\n\t\t\twp-block-uagb-post-timeline uagb-timeline__outer-wrap uagb-block-690d7c92    uagb-timeline__arrow-center uagb-timeline__center-block uagb_timeline__cta-enable uagb-timeline uagb-timeline__content-wrap\t\t\tuagb-timeline__arrow-center uagb-timeline__center-block uagb_timeline__cta-enable uagb-timeline uagb-timeline__content-wrap\t\t\t\"\n\t\t\tstyle=\"\" >\n\t\t\t\t\t\t\t\t\t\t\t<article class = \"uagb-timeline__field  uagb-timeline__right\">\n\t\t\t\t\t\t\t\t<div class = \"uagb-timeline__marker uagb-timeline__out-view-icon\" >\n\t\t\t\t<span class = \"uagb-timeline__icon-new uagb-timeline__out-view-icon\" >\t\t\t\t<svg xmlns=\"https:\/\/www.w3.org\/2000\/svg\" viewBox= \"0 0 448 512\"><path d=\"M160 32V64H288V32C288 14.33 302.3 0 320 0C337.7 0 352 14.33 352 32V64H400C426.5 64 448 85.49 448 112V160H0V112C0 85.49 21.49 64 48 64H96V32C96 14.33 110.3 0 128 0C145.7 0 160 14.33 160 32zM0 192H448V464C448 490.5 426.5 512 400 512H48C21.49 512 0 490.5 0 464V192zM64 304C64 312.8 71.16 320 80 320H112C120.8 320 128 312.8 128 304V272C128 263.2 120.8 256 112 256H80C71.16 256 64 263.2 64 272V304zM192 304C192 312.8 199.2 320 208 320H240C248.8 320 256 312.8 256 304V272C256 263.2 248.8 256 240 256H208C199.2 256 192 263.2 192 272V304zM336 256C327.2 256 320 263.2 320 272V304C320 312.8 327.2 320 336 320H368C376.8 320 384 312.8 384 304V272C384 263.2 376.8 256 368 256H336zM64 432C64 440.8 71.16 448 80 448H112C120.8 448 128 440.8 128 432V400C128 391.2 120.8 384 112 384H80C71.16 384 64 391.2 64 400V432zM208 384C199.2 384 192 391.2 192 400V432C192 440.8 199.2 448 208 448H240C248.8 448 256 440.8 256 432V400C256 391.2 248.8 384 240 384H208zM320 432C320 440.8 327.2 448 336 448H368C376.8 448 384 440.8 384 432V400C384 391.2 376.8 384 368 384H336C327.2 384 320 391.2 320 400V432z\"><\/path><\/svg>\n\t\t\t\t<\/span>\n\t\t\t<\/div>\n\t\t\t\t\t\t\t\t<div class = \"uagb-timeline__day-new uagb-timeline__day-right uagb-timeline__events-inner-new\" >\n\t\t\t\t\t\t<div class=\"uagb-timeline__events-inner--content\">\n\t\t\t\t\t\t\t\t\t\t\t<div datetime=\"2026-03-03T10:49:16+01:00\" class=\"uagb-timeline__date-hide uagb-timeline__inner-date-new\">\n\t\t\t\t3 marca, 2026\t\t\t<\/div>\n\t\t\t\t\t\t\t\t\t\t\t\t\t\t\t\t\t\t\t\t\t\t\t\t\t\t<h3 class=\"uagb-timeline__heading\" >\n\t\t\t\t\t<a href=\"https:\/\/emapa.katowice.eu\/mszkiip\/bezplatny-dostep-do-danych-rcn\/\" target=\"_self\" rel=\"noopener noreferrer\">Bezp\u0142atny dost\u0119p do danych RCN!<\/a>\n\t\t\t\t<\/h3>\n\t\t\t\t\t\t\t\t\t\t<div class=\"uagb-timeline-desc-content\">\n\t\t\t\t<p>Z dniem 13 lutego 2026 r. dane Rejestru Cen Nieruchomo\u015bci (RCN) zosta\u0142y zwolnione z op\u0142at&#8230;\t\t\t<\/div>\n\t\t\t\t\t\t<div class=\"uagb-timeline__link_parent wp-block-button\">\n\t\t\t\t<a class=\"uagb-timeline__link wp-block-button__link\" style=\"\" href=\"https:\/\/emapa.katowice.eu\/mszkiip\/bezplatny-dostep-do-danych-rcn\/\" target=\"_self\" rel=\" noopener noreferrer\">Czytaj wi\u0119cej&#8230;<\/a>\n\t\t\t<\/div>\n\t\t\t\t\t\t\t\t\t\t\t<div class = \"uagb-timeline__arrow\"><\/div>\n\t\t\t\t\t\t<\/div>\n\t\t\t\t\t<\/div>\n\t\t\t\t\t\t\t\t\t\t\t\t\t\t<div datetime=\"2026-03-03T10:49:16+01:00\" class=\"uagb-timeline__date-new\">\n\t\t\t\t3 marca, 2026\t\t\t<\/div>\n\t\t\t\t\t\t\t\t\t\t\t<\/article>\n\t\t\t\t\t\t<article class = \"uagb-timeline__field  uagb-timeline__left\">\n\t\t\t\t\t\t\t\t<div class = \"uagb-timeline__marker uagb-timeline__out-view-icon\" >\n\t\t\t\t<span class = \"uagb-timeline__icon-new uagb-timeline__out-view-icon\" >\t\t\t\t<svg xmlns=\"https:\/\/www.w3.org\/2000\/svg\" viewBox= \"0 0 448 512\"><path d=\"M160 32V64H288V32C288 14.33 302.3 0 320 0C337.7 0 352 14.33 352 32V64H400C426.5 64 448 85.49 448 112V160H0V112C0 85.49 21.49 64 48 64H96V32C96 14.33 110.3 0 128 0C145.7 0 160 14.33 160 32zM0 192H448V464C448 490.5 426.5 512 400 512H48C21.49 512 0 490.5 0 464V192zM64 304C64 312.8 71.16 320 80 320H112C120.8 320 128 312.8 128 304V272C128 263.2 120.8 256 112 256H80C71.16 256 64 263.2 64 272V304zM192 304C192 312.8 199.2 320 208 320H240C248.8 320 256 312.8 256 304V272C256 263.2 248.8 256 240 256H208C199.2 256 192 263.2 192 272V304zM336 256C327.2 256 320 263.2 320 272V304C320 312.8 327.2 320 336 320H368C376.8 320 384 312.8 384 304V272C384 263.2 376.8 256 368 256H336zM64 432C64 440.8 71.16 448 80 448H112C120.8 448 128 440.8 128 432V400C128 391.2 120.8 384 112 384H80C71.16 384 64 391.2 64 400V432zM208 384C199.2 384 192 391.2 192 400V432C192 440.8 199.2 448 208 448H240C248.8 448 256 440.8 256 432V400C256 391.2 248.8 384 240 384H208zM320 432C320 440.8 327.2 448 336 448H368C376.8 448 384 440.8 384 432V400C384 391.2 376.8 384 368 384H336C327.2 384 320 391.2 320 400V432z\"><\/path><\/svg>\n\t\t\t\t<\/span>\n\t\t\t<\/div>\n\t\t\t\t\t\t\t\t<div class = \"uagb-timeline__day-new uagb-timeline__day-left uagb-timeline__events-inner-new\" >\n\t\t\t\t\t\t<div class=\"uagb-timeline__events-inner--content\">\n\t\t\t\t\t\t\t\t\t\t\t<div datetime=\"2025-09-29T12:58:52+02:00\" class=\"uagb-timeline__date-hide uagb-timeline__inner-date-new\">\n\t\t\t\t29 wrze\u015bnia, 2025\t\t\t<\/div>\n\t\t\t\t\t\t\t\t\t\t\t\t\t\t\t\t\t\t\t\t\t\t\t\t\t\t<h3 class=\"uagb-timeline__heading\" >\n\t\t\t\t\t<a href=\"https:\/\/emapa.katowice.eu\/mszkiip\/fotoplany-archiwalne\/\" target=\"_self\" rel=\"noopener noreferrer\">Fotoplany archiwalne<\/a>\n\t\t\t\t<\/h3>\n\t\t\t\t\t\t\t\t\t\t<div class=\"uagb-timeline-desc-content\">\n\t\t\t\t<p>W serwisie Katowice dla Odmiany 3D w zak\u0142adce fotoplany archiwalne udost\u0119pnione zosta\u0142y zdj\u0119cia lotnicze z&#8230;\t\t\t<\/div>\n\t\t\t\t\t\t<div class=\"uagb-timeline__link_parent wp-block-button\">\n\t\t\t\t<a class=\"uagb-timeline__link wp-block-button__link\" style=\"\" href=\"https:\/\/emapa.katowice.eu\/mszkiip\/fotoplany-archiwalne\/\" target=\"_self\" rel=\" noopener noreferrer\">Czytaj wi\u0119cej&#8230;<\/a>\n\t\t\t<\/div>\n\t\t\t\t\t\t\t\t\t\t\t<div class = \"uagb-timeline__arrow\"><\/div>\n\t\t\t\t\t\t<\/div>\n\t\t\t\t\t<\/div>\n\t\t\t\t\t\t\t\t\t\t\t\t\t\t<div datetime=\"2025-09-29T12:58:52+02:00\" class=\"uagb-timeline__date-new\">\n\t\t\t\t29 wrze\u015bnia, 2025\t\t\t<\/div>\n\t\t\t\t\t\t\t\t\t\t\t<\/article>\n\t\t\t\t\t\t\t\t\t\t<div class = \"uagb-timeline__line\" >\n\t\t\t\t\t<div class = \"uagb-timeline__line__inner\"><\/div>\n\t\t\t\t<\/div>\n\t\t\t<\/div>\n\t\t\t<\/div>\n<\/div>\n<\/div>\n<\/div>\n<\/div>\n\n\n\n<p><\/p>\n","protected":false},"excerpt":{"rendered":"<p>Modu\u0142y mapowe GeoO\u015brodek Metadane Katowice 3D Po godzinach Mapa w\u0142asno\u015bciowa Aktualno\u015bci:<\/p>\n","protected":false},"author":2,"featured_media":0,"parent":0,"menu_order":0,"comment_status":"closed","ping_status":"closed","template":"","meta":{"_uag_custom_page_level_css":"","site-sidebar-layout":"default","site-content-layout":"","ast-site-content-layout":"","site-content-style":"default","site-sidebar-style":"default","ast-global-header-display":"","ast-banner-title-visibility":"","ast-main-header-display":"","ast-hfb-above-header-display":"","ast-hfb-below-header-display":"","ast-hfb-mobile-header-display":"","site-post-title":"disabled","ast-breadcrumbs-content":"","ast-featured-img":"","footer-sml-layout":"","ast-disable-related-posts":"","theme-transparent-header-meta":"","adv-header-id-meta":"","stick-header-meta":"","header-above-stick-meta":"","header-main-stick-meta":"","header-below-stick-meta":"","astra-migrate-meta-layouts":"default","ast-page-background-enabled":"default","ast-page-background-meta":{"desktop":{"background-color":"var(--ast-global-color-5)","background-image":"","background-repeat":"repeat","background-position":"center center","background-size":"auto","background-attachment":"scroll","background-type":"","background-media":"","overlay-type":"","overlay-color":"","overlay-opacity":"","overlay-gradient":""},"tablet":{"background-color":"","background-image":"","background-repeat":"repeat","background-position":"center center","background-size":"auto","background-attachment":"scroll","background-type":"","background-media":"","overlay-type":"","overlay-color":"","overlay-opacity":"","overlay-gradient":""},"mobile":{"background-color":"","background-image":"","background-repeat":"repeat","background-position":"center center","background-size":"auto","background-attachment":"scroll","background-type":"","background-media":"","overlay-type":"","overlay-color":"","overlay-opacity":"","overlay-gradient":""}},"ast-content-background-meta":{"desktop":{"background-color":"var(--ast-global-color-4)","background-image":"","background-repeat":"repeat","background-position":"center center","background-size":"auto","background-attachment":"scroll","background-type":"","background-media":"","overlay-type":"","overlay-color":"","overlay-opacity":"","overlay-gradient":""},"tablet":{"background-color":"var(--ast-global-color-4)","background-image":"","background-repeat":"repeat","background-position":"center center","background-size":"auto","background-attachment":"scroll","background-type":"","background-media":"","overlay-type":"","overlay-color":"","overlay-opacity":"","overlay-gradient":""},"mobile":{"background-color":"var(--ast-global-color-4)","background-image":"","background-repeat":"repeat","background-position":"center center","background-size":"auto","background-attachment":"scroll","background-type":"","background-media":"","overlay-type":"","overlay-color":"","overlay-opacity":"","overlay-gradient":""}},"footnotes":""},"class_list":["post-8","page","type-page","status-publish","hentry"],"uagb_featured_image_src":{"full":false,"thumbnail":false,"medium":false,"medium_large":false,"large":false,"1536x1536":false,"2048x2048":false},"uagb_author_info":{"display_name":"Marcin Niewiadomski","author_link":"https:\/\/emapa.katowice.eu\/mszkiip\/author\/mniewiadomski\/"},"uagb_comment_info":0,"uagb_excerpt":"Modu\u0142y mapowe GeoO\u015brodek Metadane Katowice 3D Po godzinach Mapa w\u0142asno\u015bciowa Aktualno\u015bci:","_links":{"self":[{"href":"https:\/\/emapa.katowice.eu\/mszkiip\/wp-json\/wp\/v2\/pages\/8","targetHints":{"allow":["GET"]}}],"collection":[{"href":"https:\/\/emapa.katowice.eu\/mszkiip\/wp-json\/wp\/v2\/pages"}],"about":[{"href":"https:\/\/emapa.katowice.eu\/mszkiip\/wp-json\/wp\/v2\/types\/page"}],"author":[{"embeddable":true,"href":"https:\/\/emapa.katowice.eu\/mszkiip\/wp-json\/wp\/v2\/users\/2"}],"replies":[{"embeddable":true,"href":"https:\/\/emapa.katowice.eu\/mszkiip\/wp-json\/wp\/v2\/comments?post=8"}],"version-history":[{"count":115,"href":"https:\/\/emapa.katowice.eu\/mszkiip\/wp-json\/wp\/v2\/pages\/8\/revisions"}],"predecessor-version":[{"id":464,"href":"https:\/\/emapa.katowice.eu\/mszkiip\/wp-json\/wp\/v2\/pages\/8\/revisions\/464"}],"wp:attachment":[{"href":"https:\/\/emapa.katowice.eu\/mszkiip\/wp-json\/wp\/v2\/media?parent=8"}],"curies":[{"name":"wp","href":"https:\/\/api.w.org\/{rel}","templated":true}]}}